{"id":708,"date":"2023-05-23T15:25:05","date_gmt":"2023-05-23T20:25:05","guid":{"rendered":"https:\/\/handygital.com\/?page_id=708"},"modified":"2024-06-27T19:03:50","modified_gmt":"2024-06-28T00:03:50","slug":"identidad-empresarial","status":"publish","type":"page","link":"https:\/\/handygital.com\/?page_id=708","title":{"rendered":"Identidad Empresarial"},"content":{"rendered":"<section class=\"wpb-content-wrapper\"><p>[vc_row wrap_container=\u00bbyes\u00bb animation_delay=\u00bb200&#8243; el_class=\u00bbmt-0 mt-lg-3 mt-xl-0 pt-0 pt-md-4 pt-lg-4 pb-xl-5&#8243; animation_type=\u00bbfadeInLeft\u00bb][vc_column el_class=\u00bbpy-4 py-xl-0&#8243; offset=\u00bbvc_col-lg-7&#8243;][vc_single_image image=\u00bb251&#8243; img_size=\u00bbfull\u00bb el_class=\u00bbm-0&#8243;][\/vc_column][vc_column offset=\u00bbvc_col-lg-offset-5 vc_col-lg-7&#8243; el_class=\u00bbz-index-10&#8243;]<div class=\"porto-ultimate-content-box-container about-us-featured-block font-10\"><style>#porto_ucb_2365{will-change: box-shadow;box-shadow: none;}#porto_ucb_2365:hover{box-shadow:none}<\/style><div class=\"porto-ultimate-content-box vc_custom_1684875877485\" style=\"background-color:#54348b;\" data-bg=\"#54348b\" id=\"porto_ucb_2365\">[vc_custom_heading text=\u00bbBienvenido a la era de la transformaci\u00f3n digital y el \u00e9xito tecnol\u00f3gico\u00bb font_container=\u00bbtag:h4|font_size:22|text_align:right|color:rgba(255%2C255%2C255%2C0.7)|line_height:26px\u00bb use_theme_fonts=\u00bbyes\u00bb font_weight=\u00bb400&#8243; letter_spacing=\u00bb0&#8243; el_class=\u00bbzigzag white right\u00bb css=\u00bb.vc_custom_1684873573898{margin-bottom: 20px !important;}\u00bb][vc_custom_heading text=\u00bbSoluciones inform\u00e1ticas<br \/>\npara potenciar tu impacto digital\u00bb font_container=\u00bbtag:h3|font_size:5.5em|text_align:right|color:%23ffffff|line_height:1.31&#8243; use_theme_fonts=\u00bbyes\u00bb font_weight=\u00bb600&#8243; letter_spacing=\u00bb-0.05em\u00bb css=\u00bb.vc_custom_1684873586130{margin-bottom: 20px !important;}\u00bb]<\/div><\/div>[\/vc_column][vc_column][vc_row_inner content_placement=\u00bbbottom\u00bb el_class=\u00bbmt-5 mt-xl-0 mb-lg-4&#8243;][vc_column_inner offset=\u00bbvc_col-lg-4&#8243;][vc_empty_space height=\u00bb20px\u00bb][vc_custom_heading text=\u00bbTrabajamos para brindar soluciones que optimicen la eficiencia y productividad de nuestros clientes\u00bb font_container=\u00bbtag:p|font_size:16|text_align:left\u00bb use_theme_fonts=\u00bbyes\u00bb letter_spacing=\u00bb0&#8243; animation_delay=\u00bb600&#8243; el_class=\u00bbmb-0&#8243; animation_type=\u00bbfadeInLeft\u00bb][vc_empty_space height=\u00bb20px\u00bb][vc_custom_heading text=\u00bbEnfocados en brindar un servicio integral, nos esforzamos por adaptar nuestros productos a las necesidades de nuestros clientes y asegurar su evoluci\u00f3n continua junto a sus negocios. Contamos con un equipo experimentado en diversas plataformas y desempe\u00f1os, lo que nos permite seguir creciendo y consolidando nuestra posici\u00f3n en el mercado.\u00bb font_container=\u00bbtag:p|font_size:16|text_align:left\u00bb use_theme_fonts=\u00bbyes\u00bb letter_spacing=\u00bb0&#8243; animation_delay=\u00bb600&#8243; el_class=\u00bbmb-0&#8243; animation_type=\u00bbfadeInLeft\u00bb][vc_empty_space height=\u00bb20px\u00bb][vc_custom_heading text=\u00bbDesde nuestro inicio en 2002, en HANDY combinamos experiencia, calidad y creatividad para ofrecerte soluciones tecnol\u00f3gicas de vanguardia. Conf\u00eda en nosotros para llevar tu negocio al siguiente nivel.\u00bb font_container=\u00bbtag:p|font_size:16|text_align:left\u00bb use_theme_fonts=\u00bbyes\u00bb letter_spacing=\u00bb0&#8243; animation_delay=\u00bb400&#8243; el_class=\u00bbmb-4&#8243; animation_type=\u00bbfadeInLeft\u00bb][\/vc_column_inner][vc_column_inner el_class=\u00bbpy-4 py-xl-0&#8243; offset=\u00bbvc_col-lg-offset-1 vc_col-lg-7&#8243;][vc_single_image image=\u00bb250&#8243; img_size=\u00bbfull\u00bb css=\u00bb.vc_custom_1593722524597{margin-bottom: 0px !important;}\u00bb][\/vc_column_inner][\/vc_row_inner][\/vc_column][\/vc_row][vc_row][vc_column][vc_zigzag color=\u00bbpurple\u00bb][vc_empty_space height=\u00bb64px\u00bb][\/vc_column][\/vc_row][vc_row][vc_column width=\u00bb1\/2&#8243;]<div class=\"porto-ultimate-content-box-container about-us-featured-block font-10\"><style>#porto_ucb_5585{will-change: box-shadow;box-shadow: none;}#porto_ucb_5585:hover{box-shadow:none}<\/style><div class=\"porto-ultimate-content-box vc_custom_1684876087012\" style=\"background-color:#087cb7;\" data-bg=\"#087cb7\" id=\"porto_ucb_5585\">[vc_custom_heading text=\u00bbNuestra misi\u00f3n\u00bb font_container=\u00bbtag:h3|font_size:5.5em|text_align:right|color:%23ffffff|line_height:1.31&#8243; use_theme_fonts=\u00bbyes\u00bb font_weight=\u00bb600&#8243; letter_spacing=\u00bb-0.05em\u00bb css=\u00bb.vc_custom_1684875739155{margin-bottom: 20px !important;}\u00bb]<\/div><\/div>[\/vc_column][vc_column width=\u00bb1\/2&#8243;][vc_custom_heading text=\u00bbEn HANDY, nos dedicamos apasionadamente a ofrecer soluciones inform\u00e1ticas integrales y servicios especializados en soporte t\u00e9cnico de computadoras, desarrollo de software, social media management, ciberseguridad, dise\u00f1o gr\u00e1fico y actividades afines. Desde nuestro inicio en el a\u00f1o 2002, nos hemos comprometido a ser l\u00edderes en nuestro campo, brindando soluciones de alta calidad que impulsen el crecimiento y el \u00e9xito de nuestros clientes.<\/p>\n<p>Nuestra misi\u00f3n es proporcionar a nuestros clientes un apoyo tecnol\u00f3gico s\u00f3lido y confiable, satisfaciendo sus necesidades espec\u00edficas y superando sus expectativas. Nos esforzamos por ser su aliado estrat\u00e9gico, brindando soluciones a medida que impulsen su eficiencia, productividad y ventaja competitiva.<\/p>\n<p>A trav\u00e9s de un enfoque centrado en el cliente, nos aseguramos de comprender a fondo sus desaf\u00edos y objetivos. Nos comprometemos a desarrollar soluciones personalizadas, utilizando las mejores pr\u00e1cticas de la industria y las tecnolog\u00edas m\u00e1s avanzadas. Nuestro equipo de profesionales altamente capacitados y experimentados trabaja de manera colaborativa y creativa para entregar resultados excepcionales.<\/p>\n<p>Adem\u00e1s, nos preocupamos por la seguridad y la protecci\u00f3n de los activos digitales de nuestros clientes. Nos esforzamos por mantenernos actualizados en las \u00faltimas tendencias y amenazas de ciberseguridad, brindando soluciones s\u00f3lidas que protejan sus datos y sistemas de manera efectiva.<\/p>\n<p>Nuestra misi\u00f3n es ser reconocidos como un referente en el mercado por nuestra excelencia t\u00e9cnica, servicio al cliente excepcional y compromiso con la innovaci\u00f3n. Trabajamos arduamente para mantenernos a la vanguardia de la tecnolog\u00eda y ofrecer soluciones que ayuden a nuestros clientes a alcanzar sus metas empresariales.<\/p>\n<p>En resumen, nuestra misi\u00f3n es ser el socio tecnol\u00f3gico confiable y estrat\u00e9gico de nuestros clientes, brindando soluciones inform\u00e1ticas y servicios de alto valor que impulsen su crecimiento y \u00e9xito en la era digital.\u00bb font_container=\u00bbtag:p|font_size:16|text_align:justify\u00bb use_theme_fonts=\u00bbyes\u00bb letter_spacing=\u00bb0&#8243; animation_delay=\u00bb600&#8243; animation_type=\u00bbfadeInLeft\u00bb][\/vc_column][\/vc_row][vc_row][vc_column][vc_empty_space height=\u00bb64px\u00bb][vc_zigzag color=\u00bbpurple\u00bb][vc_empty_space height=\u00bb64px\u00bb][\/vc_column][\/vc_row][vc_row][vc_column width=\u00bb1\/2&#8243;]<div class=\"porto-ultimate-content-box-container about-us-featured-block font-10\"><style>#porto_ucb_8260{will-change: box-shadow;box-shadow: none;}#porto_ucb_8260:hover{box-shadow:none}<\/style><div class=\"porto-ultimate-content-box vc_custom_1684876332285\" style=\"background-color:#000000;\" data-bg=\"#000000\" id=\"porto_ucb_8260\">[vc_custom_heading text=\u00bbNuestra visi\u00f3n\u00bb font_container=\u00bbtag:h3|font_size:5.5em|text_align:right|color:%23ffffff|line_height:1.31&#8243; use_theme_fonts=\u00bbyes\u00bb font_weight=\u00bb600&#8243; letter_spacing=\u00bb-0.05em\u00bb css=\u00bb.vc_custom_1684876323669{margin-bottom: 20px !important;}\u00bb]<\/div><\/div>[\/vc_column][vc_column width=\u00bb1\/2&#8243;][vc_custom_heading text=\u00bbNuestra visi\u00f3n a corto plazo es consolidarnos como un referente en el mercado de soluciones inform\u00e1ticas, soporte t\u00e9cnico de computadoras, desarrollo de software, social media management, ciberseguridad, dise\u00f1o gr\u00e1fico y actividades afines. Buscamos establecer una s\u00f3lida base de clientes satisfechos, entregando soluciones de calidad y generando valor en cada interacci\u00f3n. Nos enfocamos en mantenernos actualizados con las \u00faltimas tecnolog\u00edas y pr\u00e1cticas, para ser reconocidos por nuestra excelencia t\u00e9cnica y servicio al cliente excepcional.<\/p>\n<p>A mediano plazo es expandir nuestro alcance y fortalecer nuestra presencia en el mercado. Nos esforzamos por ampliar nuestra cartera de servicios y diversificar nuestra oferta para atender las necesidades cambiantes de nuestros clientes. Buscamos establecer alianzas estrat\u00e9gicas con otras empresas y colaborar con expertos de la industria para ofrecer soluciones integrales y de vanguardia. Nos orientamos a convertirnos en l\u00edderes reconocidos en todas las \u00e1reas en las que operamos, destac\u00e1ndonos por nuestra innovaci\u00f3n, calidad y compromiso con la satisfacci\u00f3n del cliente.<\/p>\n<p>A largo plazo es convertirnos en un actor relevante a nivel nacional e internacional en el campo de las soluciones inform\u00e1ticas y tecnol\u00f3gicas. Buscamos ser reconocidos como una empresa de referencia en el sector, conocida por nuestra excelencia, integridad y contribuci\u00f3n al avance tecnol\u00f3gico. Nos esforzamos por ser l\u00edderes en la adopci\u00f3n de nuevas tecnolog\u00edas emergentes y en la creaci\u00f3n de soluciones disruptivas que transformen la forma en que las organizaciones operan. Nuestro objetivo final es ser reconocidos como un socio estrat\u00e9gico confiable, que impulse el \u00e9xito y la innovaci\u00f3n de nuestros clientes en un mundo digital en constante evoluci\u00f3n.<\/p>\n<p>En resumen, nuestra visi\u00f3n a corto, mediano y largo plazo es consolidarnos como l\u00edderes en el mercado de soluciones inform\u00e1ticas y tecnol\u00f3gicas, ampliando nuestra oferta de servicios, fortaleciendo nuestras alianzas y estableci\u00e9ndonos como referentes en innovaci\u00f3n y calidad. Nos enfocamos en brindar resultados excepcionales, superar las expectativas de nuestros clientes y contribuir al desarrollo de un entorno empresarial tecnol\u00f3gicamente avanzado y seguro.\u00bb font_container=\u00bbtag:p|font_size:16|text_align:justify\u00bb use_theme_fonts=\u00bbyes\u00bb letter_spacing=\u00bb0&#8243; animation_delay=\u00bb600&#8243; animation_type=\u00bbfadeInLeft\u00bb][vc_empty_space height=\u00bb64px\u00bb][\/vc_column][\/vc_row]<\/p>\n<\/section>","protected":false},"excerpt":{"rendered":"<p>[vc_row wrap_container=\u00bbyes\u00bb animation_delay=\u00bb200&#8243; el_class=\u00bbmt-0 mt-lg-3 mt-xl-0 pt-0 pt-md-4 pt-lg-4 pb-xl-5&#8243; animation_type=\u00bbfadeInLeft\u00bb][vc_column el_class=\u00bbpy-4 py-xl-0&#8243; offset=\u00bbvc_col-lg-7&#8243;][vc_single_image image=\u00bb251&#8243; img_size=\u00bbfull\u00bb el_class=\u00bbm-0&#8243;][\/vc_column][vc_column offset=\u00bbvc_col-lg-offset-5 vc_col-lg-7&#8243; el_class=\u00bbz-index-10&#8243;][\/vc_column][vc_column][vc_row_inner content_placement=\u00bbbottom\u00bb el_class=\u00bbmt-5 mt-xl-0 mb-lg-4&#8243;][vc_column_inner offset=\u00bbvc_col-lg-4&#8243;][vc_empty_space height=\u00bb20px\u00bb][vc_custom_heading text=\u00bbTrabajamos para brindar soluciones que optimicen la eficiencia y productividad de nuestros clientes\u00bb font_container=\u00bbtag:p|font_size:16|text_align:left\u00bb use_theme_fonts=\u00bbyes\u00bb letter_spacing=\u00bb0&#8243; animation_delay=\u00bb600&#8243; el_class=\u00bbmb-0&#8243; animation_type=\u00bbfadeInLeft\u00bb][vc_empty_space height=\u00bb20px\u00bb][vc_custom_heading text=\u00bbEnfocados en brindar un servicio integral, nos esforzamos por [&hellip;]<\/p>\n","protected":false},"author":1,"featured_media":0,"parent":0,"menu_order":0,"comment_status":"closed","ping_status":"closed","template":"","meta":{"footnotes":""},"class_list":["post-708","page","type-page","status-publish","hentry"],"yoast_head":"<!-- This site is optimized with the Yoast SEO Premium plugin v19.6 (Yoast SEO v25.7) - https:\/\/yoast.com\/wordpress\/plugins\/seo\/ -->\n<title>Identidad Empresarial - Handy<\/title>\n<meta name=\"robots\" content=\"index, follow, max-snippet:-1, max-image-preview:large, max-video-preview:-1\" \/>\n<link rel=\"canonical\" href=\"https:\/\/handygital.com\/?page_id=708\" \/>\n<meta property=\"og:locale\" content=\"es_ES\" \/>\n<meta property=\"og:type\" content=\"article\" \/>\n<meta property=\"og:title\" content=\"Identidad Empresarial\" \/>\n<meta property=\"og:description\" content=\"[vc_row wrap_container=\u00bbyes\u00bb animation_delay=\u00bb200&#8243; el_class=\u00bbmt-0 mt-lg-3 mt-xl-0 pt-0 pt-md-4 pt-lg-4 pb-xl-5&#8243; animation_type=\u00bbfadeInLeft\u00bb][vc_column el_class=\u00bbpy-4 py-xl-0&#8243; offset=\u00bbvc_col-lg-7&#8243;][vc_single_image image=\u00bb251&#8243; img_size=\u00bbfull\u00bb el_class=\u00bbm-0&#8243;][\/vc_column][vc_column offset=\u00bbvc_col-lg-offset-5 vc_col-lg-7&#8243; el_class=\u00bbz-index-10&#8243;][\/vc_column][vc_column][vc_row_inner content_placement=\u00bbbottom\u00bb el_class=\u00bbmt-5 mt-xl-0 mb-lg-4&#8243;][vc_column_inner offset=\u00bbvc_col-lg-4&#8243;][vc_empty_space height=\u00bb20px\u00bb][vc_custom_heading text=\u00bbTrabajamos para brindar soluciones que optimicen la eficiencia y productividad de nuestros clientes\u00bb font_container=\u00bbtag:p|font_size:16|text_align:left\u00bb use_theme_fonts=\u00bbyes\u00bb letter_spacing=\u00bb0&#8243; animation_delay=\u00bb600&#8243; el_class=\u00bbmb-0&#8243; animation_type=\u00bbfadeInLeft\u00bb][vc_empty_space height=\u00bb20px\u00bb][vc_custom_heading text=\u00bbEnfocados en brindar un servicio integral, nos esforzamos por [&hellip;]\" \/>\n<meta property=\"og:url\" content=\"https:\/\/handygital.com\/?page_id=708\" \/>\n<meta property=\"og:site_name\" content=\"Handy\" \/>\n<meta property=\"article:modified_time\" content=\"2024-06-28T00:03:50+00:00\" \/>\n<meta name=\"twitter:card\" content=\"summary_large_image\" \/>\n<meta name=\"twitter:label1\" content=\"Tiempo de lectura\" \/>\n\t<meta name=\"twitter:data1\" content=\"5 minutos\" \/>\n<script type=\"application\/ld+json\" class=\"yoast-schema-graph\">{\"@context\":\"https:\/\/schema.org\",\"@graph\":[{\"@type\":\"WebPage\",\"@id\":\"https:\/\/handygital.com\/?page_id=708\",\"url\":\"https:\/\/handygital.com\/?page_id=708\",\"name\":\"Identidad Empresarial - Handy\",\"isPartOf\":{\"@id\":\"https:\/\/handygital.com\/#website\"},\"datePublished\":\"2023-05-23T20:25:05+00:00\",\"dateModified\":\"2024-06-28T00:03:50+00:00\",\"breadcrumb\":{\"@id\":\"https:\/\/handygital.com\/?page_id=708#breadcrumb\"},\"inLanguage\":\"es\",\"potentialAction\":[{\"@type\":\"ReadAction\",\"target\":[\"https:\/\/handygital.com\/?page_id=708\"]}]},{\"@type\":\"BreadcrumbList\",\"@id\":\"https:\/\/handygital.com\/?page_id=708#breadcrumb\",\"itemListElement\":[{\"@type\":\"ListItem\",\"position\":1,\"name\":\"Portada\",\"item\":\"https:\/\/handygital.com\/\"},{\"@type\":\"ListItem\",\"position\":2,\"name\":\"Identidad Empresarial\"}]},{\"@type\":\"WebSite\",\"@id\":\"https:\/\/handygital.com\/#website\",\"url\":\"https:\/\/handygital.com\/\",\"name\":\"Handy\",\"description\":\"Soluciones Inform\u00e1ticas\",\"potentialAction\":[{\"@type\":\"SearchAction\",\"target\":{\"@type\":\"EntryPoint\",\"urlTemplate\":\"https:\/\/handygital.com\/?s={search_term_string}\"},\"query-input\":{\"@type\":\"PropertyValueSpecification\",\"valueRequired\":true,\"valueName\":\"search_term_string\"}}],\"inLanguage\":\"es\"}]}<\/script>\n<!-- \/ Yoast SEO Premium plugin. -->","yoast_head_json":{"title":"Identidad Empresarial - Handy","robots":{"index":"index","follow":"follow","max-snippet":"max-snippet:-1","max-image-preview":"max-image-preview:large","max-video-preview":"max-video-preview:-1"},"canonical":"https:\/\/handygital.com\/?page_id=708","og_locale":"es_ES","og_type":"article","og_title":"Identidad Empresarial","og_description":"[vc_row wrap_container=\u00bbyes\u00bb animation_delay=\u00bb200&#8243; el_class=\u00bbmt-0 mt-lg-3 mt-xl-0 pt-0 pt-md-4 pt-lg-4 pb-xl-5&#8243; animation_type=\u00bbfadeInLeft\u00bb][vc_column el_class=\u00bbpy-4 py-xl-0&#8243; offset=\u00bbvc_col-lg-7&#8243;][vc_single_image image=\u00bb251&#8243; img_size=\u00bbfull\u00bb el_class=\u00bbm-0&#8243;][\/vc_column][vc_column offset=\u00bbvc_col-lg-offset-5 vc_col-lg-7&#8243; el_class=\u00bbz-index-10&#8243;][\/vc_column][vc_column][vc_row_inner content_placement=\u00bbbottom\u00bb el_class=\u00bbmt-5 mt-xl-0 mb-lg-4&#8243;][vc_column_inner offset=\u00bbvc_col-lg-4&#8243;][vc_empty_space height=\u00bb20px\u00bb][vc_custom_heading text=\u00bbTrabajamos para brindar soluciones que optimicen la eficiencia y productividad de nuestros clientes\u00bb font_container=\u00bbtag:p|font_size:16|text_align:left\u00bb use_theme_fonts=\u00bbyes\u00bb letter_spacing=\u00bb0&#8243; animation_delay=\u00bb600&#8243; el_class=\u00bbmb-0&#8243; animation_type=\u00bbfadeInLeft\u00bb][vc_empty_space height=\u00bb20px\u00bb][vc_custom_heading text=\u00bbEnfocados en brindar un servicio integral, nos esforzamos por [&hellip;]","og_url":"https:\/\/handygital.com\/?page_id=708","og_site_name":"Handy","article_modified_time":"2024-06-28T00:03:50+00:00","twitter_card":"summary_large_image","twitter_misc":{"Tiempo de lectura":"5 minutos"},"schema":{"@context":"https:\/\/schema.org","@graph":[{"@type":"WebPage","@id":"https:\/\/handygital.com\/?page_id=708","url":"https:\/\/handygital.com\/?page_id=708","name":"Identidad Empresarial - Handy","isPartOf":{"@id":"https:\/\/handygital.com\/#website"},"datePublished":"2023-05-23T20:25:05+00:00","dateModified":"2024-06-28T00:03:50+00:00","breadcrumb":{"@id":"https:\/\/handygital.com\/?page_id=708#breadcrumb"},"inLanguage":"es","potentialAction":[{"@type":"ReadAction","target":["https:\/\/handygital.com\/?page_id=708"]}]},{"@type":"BreadcrumbList","@id":"https:\/\/handygital.com\/?page_id=708#breadcrumb","itemListElement":[{"@type":"ListItem","position":1,"name":"Portada","item":"https:\/\/handygital.com\/"},{"@type":"ListItem","position":2,"name":"Identidad Empresarial"}]},{"@type":"WebSite","@id":"https:\/\/handygital.com\/#website","url":"https:\/\/handygital.com\/","name":"Handy","description":"Soluciones Inform\u00e1ticas","potentialAction":[{"@type":"SearchAction","target":{"@type":"EntryPoint","urlTemplate":"https:\/\/handygital.com\/?s={search_term_string}"},"query-input":{"@type":"PropertyValueSpecification","valueRequired":true,"valueName":"search_term_string"}}],"inLanguage":"es"}]}},"_links":{"self":[{"href":"https:\/\/handygital.com\/index.php?rest_route=\/wp\/v2\/pages\/708","targetHints":{"allow":["GET"]}}],"collection":[{"href":"https:\/\/handygital.com\/index.php?rest_route=\/wp\/v2\/pages"}],"about":[{"href":"https:\/\/handygital.com\/index.php?rest_route=\/wp\/v2\/types\/page"}],"author":[{"embeddable":true,"href":"https:\/\/handygital.com\/index.php?rest_route=\/wp\/v2\/users\/1"}],"replies":[{"embeddable":true,"href":"https:\/\/handygital.com\/index.php?rest_route=%2Fwp%2Fv2%2Fcomments&post=708"}],"version-history":[{"count":0,"href":"https:\/\/handygital.com\/index.php?rest_route=\/wp\/v2\/pages\/708\/revisions"}],"wp:attachment":[{"href":"https:\/\/handygital.com\/index.php?rest_route=%2Fwp%2Fv2%2Fmedia&parent=708"}],"curies":[{"name":"wp","href":"https:\/\/api.w.org\/{rel}","templated":true}]}}