{"id":749,"date":"2023-05-23T16:33:30","date_gmt":"2023-05-23T21:33:30","guid":{"rendered":"https:\/\/handygital.com\/?page_id=749"},"modified":"2025-08-12T08:31:13","modified_gmt":"2025-08-12T13:31:13","slug":"nuestros-servicios","status":"publish","type":"page","link":"https:\/\/handygital.com\/?page_id=749","title":{"rendered":"Nuestros servicios"},"content":{"rendered":"<section class=\"wpb-content-wrapper\"><p>[vc_row wrap_container=\u00bbyes\u00bb el_class=\u00bbmt-3 mt-xl-0 pt-4&#8243;][vc_column width=\u00bb5\/6&#8243; offset=\u00bbvc_col-sm-offset-1&#8243;][vc_custom_heading text=\u00bbNuestra experiencia multidisciplinaria<strong>.<\/strong>\u00bb font_container=\u00bbtag:h3|font_size:40px|text_align:center|line_height:1&#8243; use_theme_fonts=\u00bbyes\u00bb font_weight=\u00bb700&#8243; skin=\u00bbdark\u00bb letter_spacing=\u00bb-0.05em\u00bb animation_delay=\u00bb200&#8243; el_class=\u00bbmb-4 pb-3 primary-punc-mark\u00bb animation_type=\u00bbfadeInLeft\u00bb][vc_custom_heading text=\u00bbPerspectiva centrada en la seguridad, el rendimiento y la optimizaci\u00f3n de sistemas y procesos.\u00bb font_container=\u00bbtag:p|font_size:22|text_align:center|line_height:1.6&#8243; use_theme_fonts=\u00bbyes\u00bb letter_spacing=\u00bb0&#8243; animation_delay=\u00bb400&#8243; el_class=\u00bbcustom-font1 mb-4&#8243; animation_type=\u00bbfadeInLeft\u00bb][vc_custom_heading text=\u00bbSomos tu aliado tecnol\u00f3gico completo, proporcionando una experiencia integral para potenciar tu presencia en l\u00ednea y proteger tus activos digitales.\u00bb font_container=\u00bbtag:p|font_size:16|text_align:center|line_height:26px\u00bb use_theme_fonts=\u00bbyes\u00bb letter_spacing=\u00bb0&#8243; animation_delay=\u00bb400&#8243; el_class=\u00bbmb-4&#8243; animation_type=\u00bbfadeInLeft\u00bb][\/vc_column][vc_column width=\u00bb2\/3&#8243; animation_delay=\u00bb400&#8243; el_class=\u00bbapproach-img py-5 font-10&#8243; animation_type=\u00bbfadeIn\u00bb offset=\u00bbvc_col-sm-offset-2&#8243;][vc_custom_heading text=\u00bb\u00bb font_container=\u00bbtag:div|text_align:left\u00bb use_theme_fonts=\u00bbyes\u00bb css=\u00bb.vc_custom_1593626006404{background-image: url(\/\/sw-themes.com\/porto_dummy\/wp-content\/uploads\/2020\/07\/bg-3.png?id=93) !important;}\u00bb el_class=\u00bbbr-50 w-100 h-100&#8243;][vc_custom_heading text=\u00bb\u00bb font_container=\u00bbtag:div|text_align:left\u00bb use_theme_fonts=\u00bbyes\u00bb el_class=\u00bbp-center br-50 w-50 h-50&#8243; css=\u00bb.vc_custom_1593625945129{background-color: #ffffff !important;}\u00bb][vc_custom_heading text=\u00bb\u00bb font_container=\u00bbtag:div|text_align:left\u00bb use_theme_fonts=\u00bbyes\u00bb css=\u00bb.vc_custom_1593966078881{background-image: url(\/\/sw-themes.com\/porto_dummy\/wp-content\/uploads\/2020\/07\/bg-3.png?id=93) !important;background-position: center !important;background-repeat: no-repeat !important;background-size: cover !important;}\u00bb el_class=\u00bbbr-50 w-25 h-25 p-center inner-img\u00bb][vc_custom_heading text=\u00bb\u00bb font_container=\u00bbtag:h6|text_align:left\u00bb use_theme_fonts=\u00bbyes\u00bb animation_delay=\u00bb100&#8243; el_class=\u00bbshape circle circle-1&#8243; css=\u00bb.vc_custom_1593626977341{margin-bottom: 0px !important;padding-top: 15.5px !important;padding-right: 16.5px !important;padding-bottom: 15.5px !important;padding-left: 16.5px !important;background-color: #e0e1e5 !important;}\u00bb animation_type=\u00bbzoomIn\u00bb][vc_custom_heading text=\u00bb\u00bb font_container=\u00bbtag:h6|text_align:left\u00bb use_theme_fonts=\u00bbyes\u00bb animation_delay=\u00bb100&#8243; el_class=\u00bbshape circle circle-2&#8243; css=\u00bb.vc_custom_1593626981029{margin-bottom: 0px !important;padding-top: 6px !important;padding-right: 6px !important;padding-bottom: 6px !important;padding-left: 6px !important;background-color: #e0e1e5 !important;}\u00bb animation_type=\u00bbzoomIn\u00bb][vc_custom_heading text=\u00bb\u00bb font_container=\u00bbtag:h6|text_align:left\u00bb use_theme_fonts=\u00bbyes\u00bb animation_delay=\u00bb100&#8243; el_class=\u00bbshape circle circle-3&#8243; css=\u00bb.vc_custom_1593626984486{margin-bottom: 0px !important;padding-top: 6px !important;padding-right: 6px !important;padding-bottom: 6px !important;padding-left: 6px !important;background-color: #e0e1e5 !important;}\u00bb animation_type=\u00bbzoomIn\u00bb][\/vc_column][\/vc_row][vc_row wrap_container=\u00bbyes\u00bb el_class=\u00bbpy-5 my-5 our-services p-relative\u00bb][vc_column el_class=\u00bbp-static\u00bb][vc_custom_heading text=\u00bb\u00bb font_container=\u00bbtag:h6|text_align:left\u00bb use_theme_fonts=\u00bbyes\u00bb animation_delay=\u00bb100&#8243; el_class=\u00bbshape circle\u00bb css=\u00bb.vc_custom_1593659883180{margin-bottom: 0px !important;padding-top: 16px !important;padding-right: 16px !important;padding-bottom: 16px !important;padding-left: 16px !important;background-color: #777777 !important;}\u00bb animation_type=\u00bbzoomIn\u00bb][vc_custom_heading text=\u00bbContamos con soluciones para apoyarte en tus desaf\u00edos:\u00bb font_container=\u00bbtag:h3|font_size:40|text_align:center|line_height:1&#8243; use_theme_fonts=\u00bbyes\u00bb font_weight=\u00bb700&#8243; letter_spacing=\u00bb-0.05&#8243; animation_delay=\u00bb200&#8243; el_class=\u00bbzigzag center pb-5 mb-4&#8243; animation_type=\u00bbfadeInUp\u00bb][vc_row_inner el_class=\u00bbjustify-content-center\u00bb][vc_column_inner width=\u00bb1\/2&#8243; offset=\u00bbvc_col-lg-4&#8243;][vc_custom_heading text=\u00bbRecuperaci\u00f3n y ciberseguridad de activos digitales\u00bb font_container=\u00bbtag:div|font_size:20|text_align:left|color:%23ffffff|line_height:1.6&#8243; use_theme_fonts=\u00bbyes\u00bb font_weight=\u00bb600&#8243; skin=\u00bblight\u00bb animation_delay=\u00bb700&#8243; el_class=\u00bbservice-card mb-4 list-unstyled dark\u00bb css=\u00bb.vc_custom_1684885235822{background-color: #087cb7 !important;}\u00bb animation_type=\u00bbfadeInLeft\u00bb link=\u00bburl:https%3A%2F%2Fhandygital.com%2Fnuestros-servicios%2Fciberseguridad%2F|title:Search%20Engine%20Optimize\u00bb][\/vc_column_inner][vc_column_inner width=\u00bb1\/2&#8243; offset=\u00bbvc_col-lg-4&#8243;][vc_custom_heading text=\u00bbDise\u00f1o, desarrollo y optimizaci\u00f3n de sitios y p\u00e1ginas web\u00bb font_container=\u00bbtag:div|font_size:20|text_align:left|color:%23ffffff|line_height:1.6&#8243; use_theme_fonts=\u00bbyes\u00bb font_weight=\u00bb600&#8243; skin=\u00bblight\u00bb animation_delay=\u00bb700&#8243; el_class=\u00bbservice-card mb-4 list-unstyled dark\u00bb css=\u00bb.vc_custom_1684885243596{background-color: #000000 !important;}\u00bb animation_type=\u00bbfadeInLeft\u00bb link=\u00bburl:https%3A%2F%2Fhandygital.com%2Fnuestros-servicios%2Fdiseno-y-desarrollo-de-paginas-y-sitios-web%2F|title:Search%20Engine%20Optimize\u00bb][\/vc_column_inner][vc_column_inner width=\u00bb1\/2&#8243; offset=\u00bbvc_col-lg-4&#8243;][vc_custom_heading text=\u00bbDise\u00f1o y desarrollo de software a medida<br \/>\nWeb y mobile\u00bb font_container=\u00bbtag:div|font_size:20|text_align:left|color:%23ffffff|line_height:1.6&#8243; use_theme_fonts=\u00bbyes\u00bb font_weight=\u00bb600&#8243; skin=\u00bblight\u00bb animation_delay=\u00bb700&#8243; el_class=\u00bbservice-card mb-4 list-unstyled dark\u00bb css=\u00bb.vc_custom_1684885250953{background-color: #54348b !important;}\u00bb animation_type=\u00bbfadeInLeft\u00bb link=\u00bburl:https%3A%2F%2Fhandygital.com%2Fnuestros-servicios%2Fdesarrollo-de-software-a-medida%2F|title:Search%20Engine%20Optimize\u00bb][\/vc_column_inner][vc_column_inner width=\u00bb1\/2&#8243; offset=\u00bbvc_col-lg-4&#8243;][vc_custom_heading text=\u00bbDesarrollo de software multiusuario\u00bb font_container=\u00bbtag:div|font_size:20|text_align:left|line_height:1.6&#8243; use_theme_fonts=\u00bbyes\u00bb font_weight=\u00bb600&#8243; skin=\u00bblight\u00bb animation_delay=\u00bb500&#8243; el_class=\u00bbservice-card mb-4 list-unstyled dark\u00bb css=\u00bb.vc_custom_1755005469379{background-color: #292929 !important;}\u00bb animation_type=\u00bbfadeInLeft\u00bb link=\u00bburl:https%3A%2F%2Fhandygital.com%2Fnuestros-servicios%2Fsoporte-tecnico-de-computadores%2F|title:Content%20Strategy\u00bb][\/vc_column_inner][vc_column_inner width=\u00bb1\/2&#8243; offset=\u00bbvc_col-lg-4&#8243;][vc_custom_heading text=\u00bbMarketing en plataformas de mensajer\u00eda\u00bb font_container=\u00bbtag:div|font_size:20|text_align:left|color:%23ffffff|line_height:1.6&#8243; use_theme_fonts=\u00bbyes\u00bb font_weight=\u00bb600&#8243; skin=\u00bblight\u00bb animation_delay=\u00bb700&#8243; el_class=\u00bbservice-card mb-4 list-unstyled dark\u00bb css=\u00bb.vc_custom_1684885266439{background-color: #54348b !important;}\u00bb animation_type=\u00bbfadeInLeft\u00bb link=\u00bburl:https%3A%2F%2Fhandygital.com%2Fnuestros-servicios%2Fmarketing-en-plataformas-de-mensajeria%2F|title:Search%20Engine%20Optimize\u00bb][\/vc_column_inner][vc_column_inner width=\u00bb1\/2&#8243; offset=\u00bbvc_col-lg-4&#8243;][vc_custom_heading text=\u00bbSEO &#8211; Optimizaci\u00f3n org\u00e1nica en motores de b\u00fasqueda\u00bb font_container=\u00bbtag:div|font_size:20|text_align:left|color:%23ffffff|line_height:1.6&#8243; use_theme_fonts=\u00bbyes\u00bb font_weight=\u00bb600&#8243; skin=\u00bblight\u00bb animation_delay=\u00bb700&#8243; el_class=\u00bbservice-card mb-4 list-unstyled dark\u00bb css=\u00bb.vc_custom_1684885273474{background-color: #087cb7 !important;}\u00bb animation_type=\u00bbfadeInLeft\u00bb link=\u00bburl:https%3A%2F%2Fhandygital.com%2Fnuestros-servicios%2Fseo-optimizacion-organica-en-motores-de-busqueda%2F|title:Search%20Engine%20Optimize\u00bb][\/vc_column_inner][vc_column_inner width=\u00bb1\/2&#8243; offset=\u00bbvc_col-lg-4&#8243;][vc_custom_heading text=\u00bbAnuncios en redes sociales y motores de b\u00fasqueda\u00bb font_container=\u00bbtag:div|font_size:20|text_align:left|color:%23ffffff|line_height:1.6&#8243; use_theme_fonts=\u00bbyes\u00bb font_weight=\u00bb600&#8243; skin=\u00bblight\u00bb animation_delay=\u00bb700&#8243; el_class=\u00bbservice-card mb-4 list-unstyled dark\u00bb css=\u00bb.vc_custom_1684885280860{background-color: #54348b !important;}\u00bb animation_type=\u00bbfadeInLeft\u00bb link=\u00bburl:https%3A%2F%2Fhandygital.com%2Fnuestros-servicios%2Fanuncios-en-redes-sociales-y-motores-de-busqueda%2F|title:Search%20Engine%20Optimize\u00bb][\/vc_column_inner][vc_column_inner width=\u00bb1\/2&#8243; offset=\u00bbvc_col-lg-4&#8243;][vc_custom_heading text=\u00bbHosting y dominios &#8211; Distribuci\u00f3n musical en plataformas\u00bb font_container=\u00bbtag:div|font_size:20|text_align:left|color:%23ffffff|line_height:1.6&#8243; use_theme_fonts=\u00bbyes\u00bb font_weight=\u00bb600&#8243; skin=\u00bblight\u00bb animation_delay=\u00bb700&#8243; el_class=\u00bbservice-card mb-4 list-unstyled dark\u00bb css=\u00bb.vc_custom_1684885287880{background-color: #087cb7 !important;}\u00bb animation_type=\u00bbfadeInLeft\u00bb link=\u00bburl:https%3A%2F%2Fhandygital.com%2Fnuestros-servicios%2Fhosting-dominios-y-distribucion-musical-en-plataformas%2F|title:Search%20Engine%20Optimize\u00bb][\/vc_column_inner][vc_column_inner width=\u00bb1\/2&#8243; offset=\u00bbvc_col-lg-4&#8243;][vc_custom_heading text=\u00bbDise\u00f1o gr\u00e1fico publicitario, de marca e identidad\u00bb font_container=\u00bbtag:div|font_size:20|text_align:left|line_height:1.6&#8243; use_theme_fonts=\u00bbyes\u00bb font_weight=\u00bb600&#8243; skin=\u00bblight\u00bb animation_delay=\u00bb900&#8243; el_class=\u00bbservice-card mb-4 list-unstyled dark\u00bb css=\u00bb.vc_custom_1684885294851{background-color: #292929 !important;}\u00bb animation_type=\u00bbfadeInLeft\u00bb link=\u00bburl:https%3A%2F%2Fhandygital.com%2Fnuestros-servicios%2Fdiseno-grafico-publicitario-de-marca-e-identidad%2F|title:Brand%20and%20Identity\u00bb][\/vc_column_inner][\/vc_row_inner][\/vc_column][\/vc_row][vc_row content_placement=\u00bbmiddle\u00bb wrap_container=\u00bbyes\u00bb el_class=\u00bbservices-clients mb-5&#8243;][vc_column][vc_custom_heading text=\u00bbClientes que han confiado en nosotros<strong>.<\/strong>\u00bb font_container=\u00bbtag:h3|font_size:40|text_align:center|line_height:1&#8243; use_theme_fonts=\u00bbyes\u00bb font_weight=\u00bb700&#8243; letter_spacing=\u00bb-0.05&#8243; animation_delay=\u00bb200&#8243; el_class=\u00bbzigzag center pt-3 pb-5 mb-4&#8243; animation_type=\u00bbfadeInUp\u00bb][vc_custom_heading text=\u00bbNuestra empresa ofrece soluciones dise\u00f1adas espec\u00edficamente para brindarte apoyo en los desaf\u00edos que enfrentas. Con un enfoque personalizado, estamos comprometidos en encontrar las respuestas y estrategias necesarias para superar cualquier obst\u00e1culo. Conf\u00eda en nuestra experiencia para proporcionarte las herramientas y el respaldo necesarios en tu camino hacia el \u00e9xito digital.\u00bb font_container=\u00bbtag:p|font_size:16|text_align:center|line_height:26px\u00bb use_theme_fonts=\u00bbyes\u00bb animation_delay=\u00bb400&#8243; el_class=\u00bbmt-4 mb-0&#8243; animation_type=\u00bbfadeInLeft\u00bb][vc_empty_space][\/vc_column][vc_column width=\u00bb1\/4&#8243; animation_delay=\u00bb100&#8243; offset=\u00bbvc_col-md-offset-2 vc_col-md-2&#8243; el_class=\u00bbcol-sm-6&#8243; animation_type=\u00bbfadeInLeft\u00bb][vc_single_image image=\u00bb761&#8243; img_size=\u00bbfull\u00bb alignment=\u00bbcenter\u00bb onclick=\u00bbcustom_link\u00bb img_link_target=\u00bb_blank\u00bb el_class=\u00bbmb-5&#8243; link=\u00bbhttps:\/\/burbujasuministros.com\u00bb][\/vc_column][vc_column width=\u00bb1\/4&#8243; animation_delay=\u00bb200&#8243; offset=\u00bbvc_col-md-2&#8243; el_class=\u00bbcol-sm-6&#8243; animation_type=\u00bbfadeInLeft\u00bb][vc_single_image image=\u00bb758&#8243; img_size=\u00bbfull\u00bb alignment=\u00bbcenter\u00bb onclick=\u00bbcustom_link\u00bb img_link_target=\u00bb_blank\u00bb el_class=\u00bbmb-5&#8243; link=\u00bbhttps:\/\/www.instagram.com\/aliriofigueroa\/\u00bb][\/vc_column][vc_column width=\u00bb1\/4&#8243; animation_delay=\u00bb300&#8243; offset=\u00bbvc_col-md-2&#8243; el_class=\u00bbcol-sm-6&#8243; animation_type=\u00bbfadeInLeft\u00bb][vc_single_image image=\u00bb759&#8243; img_size=\u00bbfull\u00bb alignment=\u00bbcenter\u00bb onclick=\u00bbcustom_link\u00bb img_link_target=\u00bb_blank\u00bb el_class=\u00bbmb-5&#8243; link=\u00bbhttps:\/\/www.juridicaypropiedad.com\u00bb][\/vc_column][vc_column width=\u00bb1\/4&#8243; animation_delay=\u00bb400&#8243; offset=\u00bbvc_col-md-2&#8243; el_class=\u00bbcol-sm-6&#8243; animation_type=\u00bbfadeInLeft\u00bb][vc_single_image image=\u00bb762&#8243; img_size=\u00bbfull\u00bb alignment=\u00bbcenter\u00bb onclick=\u00bbcustom_link\u00bb img_link_target=\u00bb_blank\u00bb el_class=\u00bbmb-5&#8243; link=\u00bbhttps:\/\/marsalmusic.com\u00bb][\/vc_column][vc_column width=\u00bb1\/4&#8243; animation_delay=\u00bb500&#8243; offset=\u00bbvc_col-md-offset-2 vc_col-md-2&#8243; el_class=\u00bbcol-sm-6&#8243; animation_type=\u00bbfadeInLeft\u00bb][vc_single_image image=\u00bb863&#8243; img_size=\u00bbfull\u00bb alignment=\u00bbcenter\u00bb onclick=\u00bbcustom_link\u00bb img_link_target=\u00bb_blank\u00bb el_class=\u00bbmb-5&#8243; link=\u00bbhttps:\/\/titinos.com.co\u00bb][vc_single_image image=\u00bb878&#8243; img_size=\u00bbfull\u00bb alignment=\u00bbcenter\u00bb onclick=\u00bbcustom_link\u00bb img_link_target=\u00bb_blank\u00bb el_class=\u00bbmb-5&#8243; link=\u00bbhttps:\/\/aquaradiostation.com\u00bb][vc_single_image image=\u00bb899&#8243; img_size=\u00bbfull\u00bb alignment=\u00bbcenter\u00bb onclick=\u00bbcustom_link\u00bb img_link_target=\u00bb_blank\u00bb el_class=\u00bbmb-5&#8243; link=\u00bbhttps:\/\/heliostravel.com.co\/\u00bb][\/vc_column][vc_column width=\u00bb1\/4&#8243; animation_delay=\u00bb600&#8243; offset=\u00bbvc_col-md-2&#8243; el_class=\u00bbcol-sm-6&#8243; animation_type=\u00bbfadeInLeft\u00bb][vc_single_image image=\u00bb760&#8243; img_size=\u00bbfull\u00bb alignment=\u00bbcenter\u00bb onclick=\u00bbcustom_link\u00bb img_link_target=\u00bb_blank\u00bb el_class=\u00bbmb-5&#8243; link=\u00bbhttps:\/\/yeisonjimenez.com\u00bb][vc_single_image image=\u00bb879&#8243; img_size=\u00bbfull\u00bb alignment=\u00bbcenter\u00bb onclick=\u00bbcustom_link\u00bb img_link_target=\u00bb_blank\u00bb el_class=\u00bbmb-5&#8243; link=\u00bbhttps:\/\/skullbossbarber.com\u00bb][vc_single_image image=\u00bb900&#8243; img_size=\u00bbfull\u00bb alignment=\u00bbcenter\u00bb onclick=\u00bbcustom_link\u00bb img_link_target=\u00bb_blank\u00bb el_class=\u00bbmb-5&#8243; link=\u00bbhttps:\/\/blessinflables.com\/\u00bb][\/vc_column][vc_column width=\u00bb1\/4&#8243; animation_delay=\u00bb700&#8243; offset=\u00bbvc_col-md-2&#8243; el_class=\u00bbcol-sm-6&#8243; animation_type=\u00bbfadeInLeft\u00bb][vc_single_image image=\u00bb757&#8243; img_size=\u00bbfull\u00bb alignment=\u00bbcenter\u00bb onclick=\u00bbcustom_link\u00bb img_link_target=\u00bb_blank\u00bb el_class=\u00bbmb-5&#8243; link=\u00bbhttps:\/\/sinercol.com.co\u00bb][vc_single_image image=\u00bb880&#8243; img_size=\u00bbfull\u00bb alignment=\u00bbcenter\u00bb onclick=\u00bbcustom_link\u00bb img_link_target=\u00bb_blank\u00bb el_class=\u00bbmb-5&#8243; link=\u00bbhttps:\/\/criaderolacumbre.co\u00bb][vc_single_image image=\u00bb901&#8243; img_size=\u00bbfull\u00bb alignment=\u00bbcenter\u00bb onclick=\u00bbcustom_link\u00bb img_link_target=\u00bb_blank\u00bb el_class=\u00bbmb-5&#8243; link=\u00bbhttps:\/\/miguelquintanamusic.com\/\u00bb][\/vc_column][vc_column width=\u00bb1\/4&#8243; animation_delay=\u00bb800&#8243; offset=\u00bbvc_col-md-2&#8243; el_class=\u00bbcol-sm-6&#8243; animation_type=\u00bbfadeInLeft\u00bb][vc_single_image image=\u00bb865&#8243; img_size=\u00bbfull\u00bb alignment=\u00bbcenter\u00bb onclick=\u00bbcustom_link\u00bb img_link_target=\u00bb_blank\u00bb el_class=\u00bbmb-5&#8243; link=\u00bbhttps:\/\/wicket.com.co\u00bb][vc_single_image image=\u00bb885&#8243; img_size=\u00bbfull\u00bb alignment=\u00bbcenter\u00bb onclick=\u00bbcustom_link\u00bb img_link_target=\u00bb_blank\u00bb el_class=\u00bbmb-5&#8243; link=\u00bbhttps:\/\/www.belpar.co\u00bb][vc_single_image image=\u00bb904&#8243; img_size=\u00bbfull\u00bb alignment=\u00bbcenter\u00bb onclick=\u00bbcustom_link\u00bb img_link_target=\u00bb_blank\u00bb el_class=\u00bbmb-5&#8243; link=\u00bbhttps:\/\/www.instagram.com\/olafoseventosyrecreacion\/\u00bb][\/vc_column][\/vc_row]<\/p>\n<\/section>","protected":false},"excerpt":{"rendered":"<p>[vc_row wrap_container=\u00bbyes\u00bb el_class=\u00bbmt-3 mt-xl-0 pt-4&#8243;][vc_column width=\u00bb5\/6&#8243; offset=\u00bbvc_col-sm-offset-1&#8243;][vc_custom_heading text=\u00bbNuestra experiencia multidisciplinaria.\u00bb font_container=\u00bbtag:h3|font_size:40px|text_align:center|line_height:1&#8243; use_theme_fonts=\u00bbyes\u00bb font_weight=\u00bb700&#8243; skin=\u00bbdark\u00bb letter_spacing=\u00bb-0.05em\u00bb animation_delay=\u00bb200&#8243; el_class=\u00bbmb-4 pb-3 primary-punc-mark\u00bb animation_type=\u00bbfadeInLeft\u00bb][vc_custom_heading text=\u00bbPerspectiva centrada en la seguridad, el rendimiento y la optimizaci\u00f3n de sistemas y procesos.\u00bb font_container=\u00bbtag:p|font_size:22|text_align:center|line_height:1.6&#8243; use_theme_fonts=\u00bbyes\u00bb letter_spacing=\u00bb0&#8243; animation_delay=\u00bb400&#8243; el_class=\u00bbcustom-font1 mb-4&#8243; animation_type=\u00bbfadeInLeft\u00bb][vc_custom_heading text=\u00bbSomos tu aliado tecnol\u00f3gico completo, proporcionando una experiencia integral para potenciar tu presencia en [&hellip;]<\/p>\n","protected":false},"author":1,"featured_media":0,"parent":0,"menu_order":0,"comment_status":"closed","ping_status":"closed","template":"","meta":{"footnotes":""},"class_list":["post-749","page","type-page","status-publish","hentry"],"yoast_head":"<!-- This site is optimized with the Yoast SEO Premium plugin v19.6 (Yoast SEO v25.7) - https:\/\/yoast.com\/wordpress\/plugins\/seo\/ -->\n<title>Nuestros servicios - Handy<\/title>\n<meta name=\"robots\" content=\"index, follow, max-snippet:-1, max-image-preview:large, max-video-preview:-1\" \/>\n<link rel=\"canonical\" href=\"https:\/\/handygital.com\/?page_id=749\" \/>\n<meta property=\"og:locale\" content=\"es_ES\" \/>\n<meta property=\"og:type\" content=\"article\" \/>\n<meta property=\"og:title\" content=\"Nuestros servicios\" \/>\n<meta property=\"og:description\" content=\"[vc_row wrap_container=\u00bbyes\u00bb el_class=\u00bbmt-3 mt-xl-0 pt-4&#8243;][vc_column width=\u00bb5\/6&#8243; offset=\u00bbvc_col-sm-offset-1&#8243;][vc_custom_heading text=\u00bbNuestra experiencia multidisciplinaria.\u00bb font_container=\u00bbtag:h3|font_size:40px|text_align:center|line_height:1&#8243; use_theme_fonts=\u00bbyes\u00bb font_weight=\u00bb700&#8243; skin=\u00bbdark\u00bb letter_spacing=\u00bb-0.05em\u00bb animation_delay=\u00bb200&#8243; el_class=\u00bbmb-4 pb-3 primary-punc-mark\u00bb animation_type=\u00bbfadeInLeft\u00bb][vc_custom_heading text=\u00bbPerspectiva centrada en la seguridad, el rendimiento y la optimizaci\u00f3n de sistemas y procesos.\u00bb font_container=\u00bbtag:p|font_size:22|text_align:center|line_height:1.6&#8243; use_theme_fonts=\u00bbyes\u00bb letter_spacing=\u00bb0&#8243; animation_delay=\u00bb400&#8243; el_class=\u00bbcustom-font1 mb-4&#8243; animation_type=\u00bbfadeInLeft\u00bb][vc_custom_heading text=\u00bbSomos tu aliado tecnol\u00f3gico completo, proporcionando una experiencia integral para potenciar tu presencia en [&hellip;]\" \/>\n<meta property=\"og:url\" content=\"https:\/\/handygital.com\/?page_id=749\" \/>\n<meta property=\"og:site_name\" content=\"Handy\" \/>\n<meta property=\"article:modified_time\" content=\"2025-08-12T13:31:13+00:00\" \/>\n<meta name=\"twitter:card\" content=\"summary_large_image\" \/>\n<meta name=\"twitter:label1\" content=\"Tiempo de lectura\" \/>\n\t<meta name=\"twitter:data1\" content=\"4 minutos\" \/>\n<script type=\"application\/ld+json\" class=\"yoast-schema-graph\">{\"@context\":\"https:\/\/schema.org\",\"@graph\":[{\"@type\":\"WebPage\",\"@id\":\"https:\/\/handygital.com\/?page_id=749\",\"url\":\"https:\/\/handygital.com\/?page_id=749\",\"name\":\"Nuestros servicios - Handy\",\"isPartOf\":{\"@id\":\"https:\/\/handygital.com\/#website\"},\"datePublished\":\"2023-05-23T21:33:30+00:00\",\"dateModified\":\"2025-08-12T13:31:13+00:00\",\"breadcrumb\":{\"@id\":\"https:\/\/handygital.com\/?page_id=749#breadcrumb\"},\"inLanguage\":\"es\",\"potentialAction\":[{\"@type\":\"ReadAction\",\"target\":[\"https:\/\/handygital.com\/?page_id=749\"]}]},{\"@type\":\"BreadcrumbList\",\"@id\":\"https:\/\/handygital.com\/?page_id=749#breadcrumb\",\"itemListElement\":[{\"@type\":\"ListItem\",\"position\":1,\"name\":\"Portada\",\"item\":\"https:\/\/handygital.com\/\"},{\"@type\":\"ListItem\",\"position\":2,\"name\":\"Nuestros servicios\"}]},{\"@type\":\"WebSite\",\"@id\":\"https:\/\/handygital.com\/#website\",\"url\":\"https:\/\/handygital.com\/\",\"name\":\"Handy\",\"description\":\"Soluciones Inform\u00e1ticas\",\"potentialAction\":[{\"@type\":\"SearchAction\",\"target\":{\"@type\":\"EntryPoint\",\"urlTemplate\":\"https:\/\/handygital.com\/?s={search_term_string}\"},\"query-input\":{\"@type\":\"PropertyValueSpecification\",\"valueRequired\":true,\"valueName\":\"search_term_string\"}}],\"inLanguage\":\"es\"}]}<\/script>\n<!-- \/ Yoast SEO Premium plugin. -->","yoast_head_json":{"title":"Nuestros servicios - Handy","robots":{"index":"index","follow":"follow","max-snippet":"max-snippet:-1","max-image-preview":"max-image-preview:large","max-video-preview":"max-video-preview:-1"},"canonical":"https:\/\/handygital.com\/?page_id=749","og_locale":"es_ES","og_type":"article","og_title":"Nuestros servicios","og_description":"[vc_row wrap_container=\u00bbyes\u00bb el_class=\u00bbmt-3 mt-xl-0 pt-4&#8243;][vc_column width=\u00bb5\/6&#8243; offset=\u00bbvc_col-sm-offset-1&#8243;][vc_custom_heading text=\u00bbNuestra experiencia multidisciplinaria.\u00bb font_container=\u00bbtag:h3|font_size:40px|text_align:center|line_height:1&#8243; use_theme_fonts=\u00bbyes\u00bb font_weight=\u00bb700&#8243; skin=\u00bbdark\u00bb letter_spacing=\u00bb-0.05em\u00bb animation_delay=\u00bb200&#8243; el_class=\u00bbmb-4 pb-3 primary-punc-mark\u00bb animation_type=\u00bbfadeInLeft\u00bb][vc_custom_heading text=\u00bbPerspectiva centrada en la seguridad, el rendimiento y la optimizaci\u00f3n de sistemas y procesos.\u00bb font_container=\u00bbtag:p|font_size:22|text_align:center|line_height:1.6&#8243; use_theme_fonts=\u00bbyes\u00bb letter_spacing=\u00bb0&#8243; animation_delay=\u00bb400&#8243; el_class=\u00bbcustom-font1 mb-4&#8243; animation_type=\u00bbfadeInLeft\u00bb][vc_custom_heading text=\u00bbSomos tu aliado tecnol\u00f3gico completo, proporcionando una experiencia integral para potenciar tu presencia en [&hellip;]","og_url":"https:\/\/handygital.com\/?page_id=749","og_site_name":"Handy","article_modified_time":"2025-08-12T13:31:13+00:00","twitter_card":"summary_large_image","twitter_misc":{"Tiempo de lectura":"4 minutos"},"schema":{"@context":"https:\/\/schema.org","@graph":[{"@type":"WebPage","@id":"https:\/\/handygital.com\/?page_id=749","url":"https:\/\/handygital.com\/?page_id=749","name":"Nuestros servicios - Handy","isPartOf":{"@id":"https:\/\/handygital.com\/#website"},"datePublished":"2023-05-23T21:33:30+00:00","dateModified":"2025-08-12T13:31:13+00:00","breadcrumb":{"@id":"https:\/\/handygital.com\/?page_id=749#breadcrumb"},"inLanguage":"es","potentialAction":[{"@type":"ReadAction","target":["https:\/\/handygital.com\/?page_id=749"]}]},{"@type":"BreadcrumbList","@id":"https:\/\/handygital.com\/?page_id=749#breadcrumb","itemListElement":[{"@type":"ListItem","position":1,"name":"Portada","item":"https:\/\/handygital.com\/"},{"@type":"ListItem","position":2,"name":"Nuestros servicios"}]},{"@type":"WebSite","@id":"https:\/\/handygital.com\/#website","url":"https:\/\/handygital.com\/","name":"Handy","description":"Soluciones Inform\u00e1ticas","potentialAction":[{"@type":"SearchAction","target":{"@type":"EntryPoint","urlTemplate":"https:\/\/handygital.com\/?s={search_term_string}"},"query-input":{"@type":"PropertyValueSpecification","valueRequired":true,"valueName":"search_term_string"}}],"inLanguage":"es"}]}},"_links":{"self":[{"href":"https:\/\/handygital.com\/index.php?rest_route=\/wp\/v2\/pages\/749","targetHints":{"allow":["GET"]}}],"collection":[{"href":"https:\/\/handygital.com\/index.php?rest_route=\/wp\/v2\/pages"}],"about":[{"href":"https:\/\/handygital.com\/index.php?rest_route=\/wp\/v2\/types\/page"}],"author":[{"embeddable":true,"href":"https:\/\/handygital.com\/index.php?rest_route=\/wp\/v2\/users\/1"}],"replies":[{"embeddable":true,"href":"https:\/\/handygital.com\/index.php?rest_route=%2Fwp%2Fv2%2Fcomments&post=749"}],"version-history":[{"count":1,"href":"https:\/\/handygital.com\/index.php?rest_route=\/wp\/v2\/pages\/749\/revisions"}],"predecessor-version":[{"id":953,"href":"https:\/\/handygital.com\/index.php?rest_route=\/wp\/v2\/pages\/749\/revisions\/953"}],"wp:attachment":[{"href":"https:\/\/handygital.com\/index.php?rest_route=%2Fwp%2Fv2%2Fmedia&parent=749"}],"curies":[{"name":"wp","href":"https:\/\/api.w.org\/{rel}","templated":true}]}}