{"id":822,"date":"2023-05-23T18:15:54","date_gmt":"2023-05-23T23:15:54","guid":{"rendered":"https:\/\/handygital.com\/?page_id=822"},"modified":"2023-05-23T18:21:48","modified_gmt":"2023-05-23T23:21:48","slug":"marketing-en-plataformas-de-mensajeria","status":"publish","type":"page","link":"https:\/\/handygital.com\/?page_id=822","title":{"rendered":"Marketing en plataformas de mensajer\u00eda"},"content":{"rendered":"<section class=\"wpb-content-wrapper\"><p>[vc_row wrap_container=\u00bbyes\u00bb el_class=\u00bbmt-3 mt-xl-3 mb-5&#8243;][vc_column offset=\u00bbvc_col-lg-4&#8243;][vc_custom_heading text=\u00bbContamos con soluciones para apoyarte en tus desaf\u00edos:\u00bb font_container=\u00bbtag:h3|font_size:26|text_align:left|line_height:1&#8243; use_theme_fonts=\u00bbyes\u00bb font_weight=\u00bb700&#8243; letter_spacing=\u00bb-0.05&#8243; el_class=\u00bbzigzag pb-3 mb-4&#8243;]<div class=\"widget_sidebar_menu main-sidebar-menu service-menu mb-lg-5  wpb_custom_fa56fd63c3b694fcdb3812eb30a338f1\"><div class=\"sidebar-menu-wrap\"><ul id=\"menu-services\" class=\"sidebar-menu\"><li id=\"nav-menu-item-780\" class=\"service-card list-unstyled menu-item menu-item-type-post_type menu-item-object-page  narrow \"><a href=\"https:\/\/handygital.com\/?page_id=764\">Soporte t\u00e9cnico de computadores<\/a><\/li>\n<li id=\"nav-menu-item-787\" class=\"service-card list-unstyled menu-item menu-item-type-post_type menu-item-object-page  narrow \"><a href=\"https:\/\/handygital.com\/?page_id=785\">Dise\u00f1o y desarrollo de p\u00e1ginas y sitios web<\/a><\/li>\n<li id=\"nav-menu-item-797\" class=\"service-card list-unstyled menu-item menu-item-type-post_type menu-item-object-page  narrow \"><a href=\"https:\/\/handygital.com\/?page_id=795\">Desarrollo de software a medida<\/a><\/li>\n<li id=\"nav-menu-item-803\" class=\"service-card list-unstyled menu-item menu-item-type-post_type menu-item-object-page  narrow \"><a href=\"https:\/\/handygital.com\/?page_id=801\">Ciberseguridad en activos digitales<\/a><\/li>\n<li id=\"nav-menu-item-808\" class=\"service-card list-unstyled menu-item menu-item-type-post_type menu-item-object-page  narrow \"><a href=\"https:\/\/handygital.com\/?page_id=806\">Anuncios en redes sociales y motores de b\u00fasqueda<\/a><\/li>\n<li id=\"nav-menu-item-813\" class=\"service-card list-unstyled menu-item menu-item-type-post_type menu-item-object-page  narrow \"><a href=\"https:\/\/handygital.com\/?page_id=811\">Dise\u00f1o gr\u00e1fico publicitario, de marca e identidad<\/a><\/li>\n<li id=\"nav-menu-item-818\" class=\"service-card list-unstyled menu-item menu-item-type-post_type menu-item-object-page  narrow \"><a href=\"https:\/\/handygital.com\/?page_id=816\">SEO \u2013 Optimizaci\u00f3n org\u00e1nica en motores de b\u00fasqueda<\/a><\/li>\n<li id=\"nav-menu-item-824\" class=\"service-card list-unstyled menu-item menu-item-type-post_type menu-item-object-page  narrow \"><a href=\"https:\/\/handygital.com\/?page_id=822\">Marketing en plataformas de mensajer\u00eda<\/a><\/li>\n<li id=\"nav-menu-item-829\" class=\"service-card list-unstyled menu-item menu-item-type-post_type menu-item-object-page  narrow \"><a href=\"https:\/\/handygital.com\/?page_id=827\">Hosting, dominios y distribuci\u00f3n musical en plataformas<\/a><\/li>\n<\/ul><\/div><\/div>[\/vc_column][vc_column offset=\u00bbvc_col-lg-8&#8243;][vc_empty_space height=\u00bb110px\u00bb][vc_custom_heading text=\u00bbNuestra empresa es experta en la prestaci\u00f3n de servicios de marketing en plataformas de mensajer\u00eda, ofreciendo soluciones efectivas para llegar a tu audiencia de manera directa y personalizada.\u00bb font_container=\u00bbtag:p|font_size:22|text_align:left|line_height:1.6&#8243; use_theme_fonts=\u00bbyes\u00bb letter_spacing=\u00bb0&#8243; animation_delay=\u00bb200&#8243; el_class=\u00bbcustom-font1 mb-4 mt-2&#8243; animation_type=\u00bbfadeIn\u00bb][vc_custom_heading text=\u00bbEn un mundo digital cada vez m\u00e1s conectado, las plataformas de mensajer\u00eda se han convertido en una herramienta clave para comunicarse con los clientes de manera instant\u00e1nea y efectiva. Nuestro equipo de expertos en marketing comprende la importancia de aprovechar estas plataformas para impulsar tu negocio y generar resultados tangibles.<\/p>\n<p>Nos especializamos en el desarrollo de estrategias de marketing que aprovechan al m\u00e1ximo las plataformas de mensajer\u00eda, como Email (Correo electr\u00f3nico), WhatsApp, Messenger y Telegram. Creamos campa\u00f1as de marketing personalizadas y dirigidas que llegan directamente a los dispositivos m\u00f3viles de tu audiencia, generando una mayor interacci\u00f3n y respuesta.<\/p>\n<p>Implementamos estrategias de segmentaci\u00f3n de audiencia para asegurarnos de que tus mensajes lleguen a las personas adecuadas en el momento oportuno. Utilizamos datos demogr\u00e1ficos, preferencias de compra y comportamiento del usuario para personalizar tus mensajes y maximizar el impacto.<\/p>\n<p>Nuestro enfoque se basa en la medici\u00f3n y el an\u00e1lisis de resultados. Realizamos un seguimiento exhaustivo de las m\u00e9tricas clave para evaluar el rendimiento de tus campa\u00f1as y realizar ajustes seg\u00fan sea necesario. Esto nos permite optimizar continuamente nuestras estrategias y garantizar el m\u00e1ximo retorno de inversi\u00f3n para tu negocio.<\/p>\n<p>Conf\u00eda en nuestra experiencia y conocimientos en marketing en plataformas de mensajer\u00eda para llevar tus campa\u00f1as al siguiente nivel. Estamos comprometidos en brindarte soluciones efectivas y resultados medibles que impulsen el crecimiento de tu negocio y te ayuden a establecer una conexi\u00f3n m\u00e1s cercana con tu audiencia.<\/p>\n<p>Aprovecha el poder de las plataformas de mensajer\u00eda para aumentar la visibilidad de tu marca, generar leads de calidad y aumentar las conversiones. Nuestro equipo est\u00e1 listo para ayudarte a alcanzar tus objetivos de marketing y maximizar tu \u00e9xito en el mundo digital.\u00bb font_container=\u00bbtag:p|font_size:16|text_align:left\u00bb use_theme_fonts=\u00bbyes\u00bb letter_spacing=\u00bb0&#8243; animation_delay=\u00bb400&#8243; el_class=\u00bbmb-4&#8243; animation_type=\u00bbfadeIn\u00bb][\/vc_column][\/vc_row]<\/p>\n<\/section>","protected":false},"excerpt":{"rendered":"<p>[vc_row wrap_container=\u00bbyes\u00bb el_class=\u00bbmt-3 mt-xl-3 mb-5&#8243;][vc_column offset=\u00bbvc_col-lg-4&#8243;][vc_custom_heading text=\u00bbContamos con soluciones para apoyarte en tus desaf\u00edos:\u00bb font_container=\u00bbtag:h3|font_size:26|text_align:left|line_height:1&#8243; use_theme_fonts=\u00bbyes\u00bb font_weight=\u00bb700&#8243; letter_spacing=\u00bb-0.05&#8243; el_class=\u00bbzigzag pb-3 mb-4&#8243;][\/vc_column][vc_column offset=\u00bbvc_col-lg-8&#8243;][vc_empty_space height=\u00bb110px\u00bb][vc_custom_heading text=\u00bbNuestra empresa es experta en la prestaci\u00f3n de servicios de marketing en plataformas de mensajer\u00eda, ofreciendo soluciones efectivas para llegar a tu audiencia de manera directa y personalizada.\u00bb font_container=\u00bbtag:p|font_size:22|text_align:left|line_height:1.6&#8243; use_theme_fonts=\u00bbyes\u00bb letter_spacing=\u00bb0&#8243; animation_delay=\u00bb200&#8243; [&hellip;]<\/p>\n","protected":false},"author":1,"featured_media":0,"parent":749,"menu_order":0,"comment_status":"closed","ping_status":"closed","template":"","meta":{"footnotes":""},"class_list":["post-822","page","type-page","status-publish","hentry"],"yoast_head":"<!-- This site is optimized with the Yoast SEO Premium plugin v19.6 (Yoast SEO v25.7) - https:\/\/yoast.com\/wordpress\/plugins\/seo\/ -->\n<title>Marketing en plataformas de mensajer\u00eda - Handy<\/title>\n<meta name=\"robots\" content=\"index, follow, max-snippet:-1, max-image-preview:large, max-video-preview:-1\" \/>\n<link rel=\"canonical\" href=\"https:\/\/handygital.com\/?page_id=822\" \/>\n<meta property=\"og:locale\" content=\"es_ES\" \/>\n<meta property=\"og:type\" content=\"article\" \/>\n<meta property=\"og:title\" content=\"Marketing en plataformas de mensajer\u00eda\" \/>\n<meta property=\"og:description\" content=\"[vc_row wrap_container=\u00bbyes\u00bb el_class=\u00bbmt-3 mt-xl-3 mb-5&#8243;][vc_column offset=\u00bbvc_col-lg-4&#8243;][vc_custom_heading text=\u00bbContamos con soluciones para apoyarte en tus desaf\u00edos:\u00bb font_container=\u00bbtag:h3|font_size:26|text_align:left|line_height:1&#8243; use_theme_fonts=\u00bbyes\u00bb font_weight=\u00bb700&#8243; letter_spacing=\u00bb-0.05&#8243; el_class=\u00bbzigzag pb-3 mb-4&#8243;][\/vc_column][vc_column offset=\u00bbvc_col-lg-8&#8243;][vc_empty_space height=\u00bb110px\u00bb][vc_custom_heading text=\u00bbNuestra empresa es experta en la prestaci\u00f3n de servicios de marketing en plataformas de mensajer\u00eda, ofreciendo soluciones efectivas para llegar a tu audiencia de manera directa y personalizada.\u00bb font_container=\u00bbtag:p|font_size:22|text_align:left|line_height:1.6&#8243; use_theme_fonts=\u00bbyes\u00bb letter_spacing=\u00bb0&#8243; animation_delay=\u00bb200&#8243; [&hellip;]\" \/>\n<meta property=\"og:url\" content=\"https:\/\/handygital.com\/?page_id=822\" \/>\n<meta property=\"og:site_name\" content=\"Handy\" \/>\n<meta property=\"article:modified_time\" content=\"2023-05-23T23:21:48+00:00\" \/>\n<meta name=\"twitter:card\" content=\"summary_large_image\" \/>\n<meta name=\"twitter:label1\" content=\"Tiempo de lectura\" \/>\n\t<meta name=\"twitter:data1\" content=\"2 minutos\" \/>\n<script type=\"application\/ld+json\" class=\"yoast-schema-graph\">{\"@context\":\"https:\/\/schema.org\",\"@graph\":[{\"@type\":\"WebPage\",\"@id\":\"https:\/\/handygital.com\/?page_id=822\",\"url\":\"https:\/\/handygital.com\/?page_id=822\",\"name\":\"Marketing en plataformas de mensajer\u00eda - Handy\",\"isPartOf\":{\"@id\":\"https:\/\/handygital.com\/#website\"},\"datePublished\":\"2023-05-23T23:15:54+00:00\",\"dateModified\":\"2023-05-23T23:21:48+00:00\",\"breadcrumb\":{\"@id\":\"https:\/\/handygital.com\/?page_id=822#breadcrumb\"},\"inLanguage\":\"es\",\"potentialAction\":[{\"@type\":\"ReadAction\",\"target\":[\"https:\/\/handygital.com\/?page_id=822\"]}]},{\"@type\":\"BreadcrumbList\",\"@id\":\"https:\/\/handygital.com\/?page_id=822#breadcrumb\",\"itemListElement\":[{\"@type\":\"ListItem\",\"position\":1,\"name\":\"Portada\",\"item\":\"https:\/\/handygital.com\/\"},{\"@type\":\"ListItem\",\"position\":2,\"name\":\"Nuestros servicios\",\"item\":\"https:\/\/handygital.com\/?page_id=749\"},{\"@type\":\"ListItem\",\"position\":3,\"name\":\"Marketing en plataformas de mensajer\u00eda\"}]},{\"@type\":\"WebSite\",\"@id\":\"https:\/\/handygital.com\/#website\",\"url\":\"https:\/\/handygital.com\/\",\"name\":\"Handy\",\"description\":\"Soluciones Inform\u00e1ticas\",\"potentialAction\":[{\"@type\":\"SearchAction\",\"target\":{\"@type\":\"EntryPoint\",\"urlTemplate\":\"https:\/\/handygital.com\/?s={search_term_string}\"},\"query-input\":{\"@type\":\"PropertyValueSpecification\",\"valueRequired\":true,\"valueName\":\"search_term_string\"}}],\"inLanguage\":\"es\"}]}<\/script>\n<!-- \/ Yoast SEO Premium plugin. -->","yoast_head_json":{"title":"Marketing en plataformas de mensajer\u00eda - Handy","robots":{"index":"index","follow":"follow","max-snippet":"max-snippet:-1","max-image-preview":"max-image-preview:large","max-video-preview":"max-video-preview:-1"},"canonical":"https:\/\/handygital.com\/?page_id=822","og_locale":"es_ES","og_type":"article","og_title":"Marketing en plataformas de mensajer\u00eda","og_description":"[vc_row wrap_container=\u00bbyes\u00bb el_class=\u00bbmt-3 mt-xl-3 mb-5&#8243;][vc_column offset=\u00bbvc_col-lg-4&#8243;][vc_custom_heading text=\u00bbContamos con soluciones para apoyarte en tus desaf\u00edos:\u00bb font_container=\u00bbtag:h3|font_size:26|text_align:left|line_height:1&#8243; use_theme_fonts=\u00bbyes\u00bb font_weight=\u00bb700&#8243; letter_spacing=\u00bb-0.05&#8243; el_class=\u00bbzigzag pb-3 mb-4&#8243;][\/vc_column][vc_column offset=\u00bbvc_col-lg-8&#8243;][vc_empty_space height=\u00bb110px\u00bb][vc_custom_heading text=\u00bbNuestra empresa es experta en la prestaci\u00f3n de servicios de marketing en plataformas de mensajer\u00eda, ofreciendo soluciones efectivas para llegar a tu audiencia de manera directa y personalizada.\u00bb font_container=\u00bbtag:p|font_size:22|text_align:left|line_height:1.6&#8243; use_theme_fonts=\u00bbyes\u00bb letter_spacing=\u00bb0&#8243; animation_delay=\u00bb200&#8243; [&hellip;]","og_url":"https:\/\/handygital.com\/?page_id=822","og_site_name":"Handy","article_modified_time":"2023-05-23T23:21:48+00:00","twitter_card":"summary_large_image","twitter_misc":{"Tiempo de lectura":"2 minutos"},"schema":{"@context":"https:\/\/schema.org","@graph":[{"@type":"WebPage","@id":"https:\/\/handygital.com\/?page_id=822","url":"https:\/\/handygital.com\/?page_id=822","name":"Marketing en plataformas de mensajer\u00eda - Handy","isPartOf":{"@id":"https:\/\/handygital.com\/#website"},"datePublished":"2023-05-23T23:15:54+00:00","dateModified":"2023-05-23T23:21:48+00:00","breadcrumb":{"@id":"https:\/\/handygital.com\/?page_id=822#breadcrumb"},"inLanguage":"es","potentialAction":[{"@type":"ReadAction","target":["https:\/\/handygital.com\/?page_id=822"]}]},{"@type":"BreadcrumbList","@id":"https:\/\/handygital.com\/?page_id=822#breadcrumb","itemListElement":[{"@type":"ListItem","position":1,"name":"Portada","item":"https:\/\/handygital.com\/"},{"@type":"ListItem","position":2,"name":"Nuestros servicios","item":"https:\/\/handygital.com\/?page_id=749"},{"@type":"ListItem","position":3,"name":"Marketing en plataformas de mensajer\u00eda"}]},{"@type":"WebSite","@id":"https:\/\/handygital.com\/#website","url":"https:\/\/handygital.com\/","name":"Handy","description":"Soluciones Inform\u00e1ticas","potentialAction":[{"@type":"SearchAction","target":{"@type":"EntryPoint","urlTemplate":"https:\/\/handygital.com\/?s={search_term_string}"},"query-input":{"@type":"PropertyValueSpecification","valueRequired":true,"valueName":"search_term_string"}}],"inLanguage":"es"}]}},"_links":{"self":[{"href":"https:\/\/handygital.com\/index.php?rest_route=\/wp\/v2\/pages\/822","targetHints":{"allow":["GET"]}}],"collection":[{"href":"https:\/\/handygital.com\/index.php?rest_route=\/wp\/v2\/pages"}],"about":[{"href":"https:\/\/handygital.com\/index.php?rest_route=\/wp\/v2\/types\/page"}],"author":[{"embeddable":true,"href":"https:\/\/handygital.com\/index.php?rest_route=\/wp\/v2\/users\/1"}],"replies":[{"embeddable":true,"href":"https:\/\/handygital.com\/index.php?rest_route=%2Fwp%2Fv2%2Fcomments&post=822"}],"version-history":[{"count":0,"href":"https:\/\/handygital.com\/index.php?rest_route=\/wp\/v2\/pages\/822\/revisions"}],"up":[{"embeddable":true,"href":"https:\/\/handygital.com\/index.php?rest_route=\/wp\/v2\/pages\/749"}],"wp:attachment":[{"href":"https:\/\/handygital.com\/index.php?rest_route=%2Fwp%2Fv2%2Fmedia&parent=822"}],"curies":[{"name":"wp","href":"https:\/\/api.w.org\/{rel}","templated":true}]}}