{"id":827,"date":"2023-05-23T18:23:13","date_gmt":"2023-05-23T23:23:13","guid":{"rendered":"https:\/\/handygital.com\/?page_id=827"},"modified":"2023-05-23T18:27:56","modified_gmt":"2023-05-23T23:27:56","slug":"hosting-dominios-y-distribucion-musical-en-plataformas","status":"publish","type":"page","link":"https:\/\/handygital.com\/?page_id=827","title":{"rendered":"Hosting, dominios y distribuci\u00f3n musical en plataformas"},"content":{"rendered":"<section class=\"wpb-content-wrapper\"><p>[vc_row wrap_container=\u00bbyes\u00bb el_class=\u00bbmt-3 mt-xl-3 mb-5&#8243;][vc_column offset=\u00bbvc_col-lg-4&#8243;][vc_custom_heading text=\u00bbContamos con soluciones para apoyarte en tus desaf\u00edos:\u00bb font_container=\u00bbtag:h3|font_size:26|text_align:left|line_height:1&#8243; use_theme_fonts=\u00bbyes\u00bb font_weight=\u00bb700&#8243; letter_spacing=\u00bb-0.05&#8243; el_class=\u00bbzigzag pb-3 mb-4&#8243;]<div class=\"widget_sidebar_menu main-sidebar-menu service-menu mb-lg-5  wpb_custom_fa56fd63c3b694fcdb3812eb30a338f1\"><div class=\"sidebar-menu-wrap\"><ul id=\"menu-services\" class=\"sidebar-menu\"><li id=\"nav-menu-item-780\" class=\"service-card list-unstyled menu-item menu-item-type-post_type menu-item-object-page  narrow \"><a href=\"https:\/\/handygital.com\/?page_id=764\">Soporte t\u00e9cnico de computadores<\/a><\/li>\n<li id=\"nav-menu-item-787\" class=\"service-card list-unstyled menu-item menu-item-type-post_type menu-item-object-page  narrow \"><a href=\"https:\/\/handygital.com\/?page_id=785\">Dise\u00f1o y desarrollo de p\u00e1ginas y sitios web<\/a><\/li>\n<li id=\"nav-menu-item-797\" class=\"service-card list-unstyled menu-item menu-item-type-post_type menu-item-object-page  narrow \"><a href=\"https:\/\/handygital.com\/?page_id=795\">Desarrollo de software a medida<\/a><\/li>\n<li id=\"nav-menu-item-803\" class=\"service-card list-unstyled menu-item menu-item-type-post_type menu-item-object-page  narrow \"><a href=\"https:\/\/handygital.com\/?page_id=801\">Ciberseguridad en activos digitales<\/a><\/li>\n<li id=\"nav-menu-item-808\" class=\"service-card list-unstyled menu-item menu-item-type-post_type menu-item-object-page  narrow \"><a href=\"https:\/\/handygital.com\/?page_id=806\">Anuncios en redes sociales y motores de b\u00fasqueda<\/a><\/li>\n<li id=\"nav-menu-item-813\" class=\"service-card list-unstyled menu-item menu-item-type-post_type menu-item-object-page  narrow \"><a href=\"https:\/\/handygital.com\/?page_id=811\">Dise\u00f1o gr\u00e1fico publicitario, de marca e identidad<\/a><\/li>\n<li id=\"nav-menu-item-818\" class=\"service-card list-unstyled menu-item menu-item-type-post_type menu-item-object-page  narrow \"><a href=\"https:\/\/handygital.com\/?page_id=816\">SEO \u2013 Optimizaci\u00f3n org\u00e1nica en motores de b\u00fasqueda<\/a><\/li>\n<li id=\"nav-menu-item-824\" class=\"service-card list-unstyled menu-item menu-item-type-post_type menu-item-object-page  narrow \"><a href=\"https:\/\/handygital.com\/?page_id=822\">Marketing en plataformas de mensajer\u00eda<\/a><\/li>\n<li id=\"nav-menu-item-829\" class=\"service-card list-unstyled menu-item menu-item-type-post_type menu-item-object-page  narrow \"><a href=\"https:\/\/handygital.com\/?page_id=827\">Hosting, dominios y distribuci\u00f3n musical en plataformas<\/a><\/li>\n<\/ul><\/div><\/div>[\/vc_column][vc_column offset=\u00bbvc_col-lg-8&#8243;][vc_empty_space height=\u00bb110px\u00bb][vc_custom_heading text=\u00bbSomos una empresa experta en la prestaci\u00f3n de servicios de distribuci\u00f3n musical en plataformas digitales, as\u00ed como en la venta de hosting y dominios de internet. Nuestro enfoque se basa en ayudar a artistas y emprendedores a maximizar su presencia en l\u00ednea y alcanzar el \u00e9xito en la era digital.\u00bb font_container=\u00bbtag:p|font_size:22|text_align:left|line_height:1.6&#8243; use_theme_fonts=\u00bbyes\u00bb letter_spacing=\u00bb0&#8243; animation_delay=\u00bb200&#8243; el_class=\u00bbcustom-font1 mb-4 mt-2&#8243; animation_type=\u00bbfadeIn\u00bb][vc_custom_heading text=\u00bbEn cuanto a la distribuci\u00f3n musical, nos encargamos de llevar tu m\u00fasica a todas las principales plataformas digitales, como Spotify, Apple Music, Amazon Music y muchas m\u00e1s. Trabajamos de la mano contigo para asegurarnos de que tu m\u00fasica llegue a un p\u00fablico global, permiti\u00e9ndote expandir tu base de fan\u00e1ticos y generar ingresos por tus creaciones.<\/p>\n<p>Adem\u00e1s, ofrecemos servicios de promoci\u00f3n y marketing para destacar tu m\u00fasica en un mercado altamente competitivo. Desarrollamos estrategias personalizadas que te ayudan a llegar a nuevos p\u00fablicos, aumentar la visibilidad de tu m\u00fasica y generar seguidores leales. Tambi\u00e9n te brindamos acceso a herramientas de an\u00e1lisis para que puedas monitorear el rendimiento de tus lanzamientos y ajustar tu estrategia en consecuencia.<\/p>\n<p>En cuanto a la venta de hosting y dominios de internet, ofrecemos soluciones confiables y seguras para que puedas establecer y mantener tu presencia en l\u00ednea. Nuestros servicios de hosting te brindan el espacio necesario para alojar tu sitio web, mientras que nuestros planes de dominio te permiten registrar y gestionar tu propio nombre de dominio. Nos aseguramos de que tu sitio web est\u00e9 siempre disponible y cargue r\u00e1pidamente, brindando una experiencia \u00f3ptima a tus visitantes.<\/p>\n<p>Nuestro enfoque se basa en la calidad del servicio y la atenci\u00f3n al cliente. Nuestro equipo de expertos est\u00e1 disponible para brindarte soporte t\u00e9cnico y asesoramiento en todas tus necesidades relacionadas con la distribuci\u00f3n musical, el hosting y los dominios. Nos comprometemos a ofrecerte soluciones personalizadas y efectivas que se adapten a tus necesidades espec\u00edficas.<\/p>\n<p>Conf\u00eda en nuestra experiencia y conocimientos en la distribuci\u00f3n musical y servicios de hosting y dominios. Estamos comprometidos en ayudarte a alcanzar tus metas y maximizar tu presencia en l\u00ednea. Ya seas un artista en busca de reconocimiento global o un emprendedor que busca establecer su marca en internet, estamos aqu\u00ed para impulsar tu \u00e9xito en el mundo digital.\u00bb font_container=\u00bbtag:p|font_size:16|text_align:left\u00bb use_theme_fonts=\u00bbyes\u00bb letter_spacing=\u00bb0&#8243; animation_delay=\u00bb400&#8243; el_class=\u00bbmb-4&#8243; animation_type=\u00bbfadeIn\u00bb][\/vc_column][\/vc_row]<\/p>\n<\/section>","protected":false},"excerpt":{"rendered":"<p>[vc_row wrap_container=\u00bbyes\u00bb el_class=\u00bbmt-3 mt-xl-3 mb-5&#8243;][vc_column offset=\u00bbvc_col-lg-4&#8243;][vc_custom_heading text=\u00bbContamos con soluciones para apoyarte en tus desaf\u00edos:\u00bb font_container=\u00bbtag:h3|font_size:26|text_align:left|line_height:1&#8243; use_theme_fonts=\u00bbyes\u00bb font_weight=\u00bb700&#8243; letter_spacing=\u00bb-0.05&#8243; el_class=\u00bbzigzag pb-3 mb-4&#8243;][\/vc_column][vc_column offset=\u00bbvc_col-lg-8&#8243;][vc_empty_space height=\u00bb110px\u00bb][vc_custom_heading text=\u00bbSomos una empresa experta en la prestaci\u00f3n de servicios de distribuci\u00f3n musical en plataformas digitales, as\u00ed como en la venta de hosting y dominios de internet. Nuestro enfoque se basa en ayudar [&hellip;]<\/p>\n","protected":false},"author":1,"featured_media":0,"parent":749,"menu_order":0,"comment_status":"closed","ping_status":"closed","template":"","meta":{"footnotes":""},"class_list":["post-827","page","type-page","status-publish","hentry"],"yoast_head":"<!-- This site is optimized with the Yoast SEO Premium plugin v19.6 (Yoast SEO v25.7) - https:\/\/yoast.com\/wordpress\/plugins\/seo\/ -->\n<title>Hosting, dominios y distribuci\u00f3n musical en plataformas - Handy<\/title>\n<meta name=\"robots\" content=\"index, follow, max-snippet:-1, max-image-preview:large, max-video-preview:-1\" \/>\n<link rel=\"canonical\" href=\"https:\/\/handygital.com\/?page_id=827\" \/>\n<meta property=\"og:locale\" content=\"es_ES\" \/>\n<meta property=\"og:type\" content=\"article\" \/>\n<meta property=\"og:title\" content=\"Hosting, dominios y distribuci\u00f3n musical en plataformas\" \/>\n<meta property=\"og:description\" content=\"[vc_row wrap_container=\u00bbyes\u00bb el_class=\u00bbmt-3 mt-xl-3 mb-5&#8243;][vc_column offset=\u00bbvc_col-lg-4&#8243;][vc_custom_heading text=\u00bbContamos con soluciones para apoyarte en tus desaf\u00edos:\u00bb font_container=\u00bbtag:h3|font_size:26|text_align:left|line_height:1&#8243; use_theme_fonts=\u00bbyes\u00bb font_weight=\u00bb700&#8243; letter_spacing=\u00bb-0.05&#8243; el_class=\u00bbzigzag pb-3 mb-4&#8243;][\/vc_column][vc_column offset=\u00bbvc_col-lg-8&#8243;][vc_empty_space height=\u00bb110px\u00bb][vc_custom_heading text=\u00bbSomos una empresa experta en la prestaci\u00f3n de servicios de distribuci\u00f3n musical en plataformas digitales, as\u00ed como en la venta de hosting y dominios de internet. Nuestro enfoque se basa en ayudar [&hellip;]\" \/>\n<meta property=\"og:url\" content=\"https:\/\/handygital.com\/?page_id=827\" \/>\n<meta property=\"og:site_name\" content=\"Handy\" \/>\n<meta property=\"article:modified_time\" content=\"2023-05-23T23:27:56+00:00\" \/>\n<meta name=\"twitter:card\" content=\"summary_large_image\" \/>\n<meta name=\"twitter:label1\" content=\"Tiempo de lectura\" \/>\n\t<meta name=\"twitter:data1\" content=\"3 minutos\" \/>\n<script type=\"application\/ld+json\" class=\"yoast-schema-graph\">{\"@context\":\"https:\/\/schema.org\",\"@graph\":[{\"@type\":\"WebPage\",\"@id\":\"https:\/\/handygital.com\/?page_id=827\",\"url\":\"https:\/\/handygital.com\/?page_id=827\",\"name\":\"Hosting, dominios y distribuci\u00f3n musical en plataformas - Handy\",\"isPartOf\":{\"@id\":\"https:\/\/handygital.com\/#website\"},\"datePublished\":\"2023-05-23T23:23:13+00:00\",\"dateModified\":\"2023-05-23T23:27:56+00:00\",\"breadcrumb\":{\"@id\":\"https:\/\/handygital.com\/?page_id=827#breadcrumb\"},\"inLanguage\":\"es\",\"potentialAction\":[{\"@type\":\"ReadAction\",\"target\":[\"https:\/\/handygital.com\/?page_id=827\"]}]},{\"@type\":\"BreadcrumbList\",\"@id\":\"https:\/\/handygital.com\/?page_id=827#breadcrumb\",\"itemListElement\":[{\"@type\":\"ListItem\",\"position\":1,\"name\":\"Portada\",\"item\":\"https:\/\/handygital.com\/\"},{\"@type\":\"ListItem\",\"position\":2,\"name\":\"Nuestros servicios\",\"item\":\"https:\/\/handygital.com\/?page_id=749\"},{\"@type\":\"ListItem\",\"position\":3,\"name\":\"Hosting, dominios y distribuci\u00f3n musical en plataformas\"}]},{\"@type\":\"WebSite\",\"@id\":\"https:\/\/handygital.com\/#website\",\"url\":\"https:\/\/handygital.com\/\",\"name\":\"Handy\",\"description\":\"Soluciones Inform\u00e1ticas\",\"potentialAction\":[{\"@type\":\"SearchAction\",\"target\":{\"@type\":\"EntryPoint\",\"urlTemplate\":\"https:\/\/handygital.com\/?s={search_term_string}\"},\"query-input\":{\"@type\":\"PropertyValueSpecification\",\"valueRequired\":true,\"valueName\":\"search_term_string\"}}],\"inLanguage\":\"es\"}]}<\/script>\n<!-- \/ Yoast SEO Premium plugin. -->","yoast_head_json":{"title":"Hosting, dominios y distribuci\u00f3n musical en plataformas - Handy","robots":{"index":"index","follow":"follow","max-snippet":"max-snippet:-1","max-image-preview":"max-image-preview:large","max-video-preview":"max-video-preview:-1"},"canonical":"https:\/\/handygital.com\/?page_id=827","og_locale":"es_ES","og_type":"article","og_title":"Hosting, dominios y distribuci\u00f3n musical en plataformas","og_description":"[vc_row wrap_container=\u00bbyes\u00bb el_class=\u00bbmt-3 mt-xl-3 mb-5&#8243;][vc_column offset=\u00bbvc_col-lg-4&#8243;][vc_custom_heading text=\u00bbContamos con soluciones para apoyarte en tus desaf\u00edos:\u00bb font_container=\u00bbtag:h3|font_size:26|text_align:left|line_height:1&#8243; use_theme_fonts=\u00bbyes\u00bb font_weight=\u00bb700&#8243; letter_spacing=\u00bb-0.05&#8243; el_class=\u00bbzigzag pb-3 mb-4&#8243;][\/vc_column][vc_column offset=\u00bbvc_col-lg-8&#8243;][vc_empty_space height=\u00bb110px\u00bb][vc_custom_heading text=\u00bbSomos una empresa experta en la prestaci\u00f3n de servicios de distribuci\u00f3n musical en plataformas digitales, as\u00ed como en la venta de hosting y dominios de internet. Nuestro enfoque se basa en ayudar [&hellip;]","og_url":"https:\/\/handygital.com\/?page_id=827","og_site_name":"Handy","article_modified_time":"2023-05-23T23:27:56+00:00","twitter_card":"summary_large_image","twitter_misc":{"Tiempo de lectura":"3 minutos"},"schema":{"@context":"https:\/\/schema.org","@graph":[{"@type":"WebPage","@id":"https:\/\/handygital.com\/?page_id=827","url":"https:\/\/handygital.com\/?page_id=827","name":"Hosting, dominios y distribuci\u00f3n musical en plataformas - Handy","isPartOf":{"@id":"https:\/\/handygital.com\/#website"},"datePublished":"2023-05-23T23:23:13+00:00","dateModified":"2023-05-23T23:27:56+00:00","breadcrumb":{"@id":"https:\/\/handygital.com\/?page_id=827#breadcrumb"},"inLanguage":"es","potentialAction":[{"@type":"ReadAction","target":["https:\/\/handygital.com\/?page_id=827"]}]},{"@type":"BreadcrumbList","@id":"https:\/\/handygital.com\/?page_id=827#breadcrumb","itemListElement":[{"@type":"ListItem","position":1,"name":"Portada","item":"https:\/\/handygital.com\/"},{"@type":"ListItem","position":2,"name":"Nuestros servicios","item":"https:\/\/handygital.com\/?page_id=749"},{"@type":"ListItem","position":3,"name":"Hosting, dominios y distribuci\u00f3n musical en plataformas"}]},{"@type":"WebSite","@id":"https:\/\/handygital.com\/#website","url":"https:\/\/handygital.com\/","name":"Handy","description":"Soluciones Inform\u00e1ticas","potentialAction":[{"@type":"SearchAction","target":{"@type":"EntryPoint","urlTemplate":"https:\/\/handygital.com\/?s={search_term_string}"},"query-input":{"@type":"PropertyValueSpecification","valueRequired":true,"valueName":"search_term_string"}}],"inLanguage":"es"}]}},"_links":{"self":[{"href":"https:\/\/handygital.com\/index.php?rest_route=\/wp\/v2\/pages\/827","targetHints":{"allow":["GET"]}}],"collection":[{"href":"https:\/\/handygital.com\/index.php?rest_route=\/wp\/v2\/pages"}],"about":[{"href":"https:\/\/handygital.com\/index.php?rest_route=\/wp\/v2\/types\/page"}],"author":[{"embeddable":true,"href":"https:\/\/handygital.com\/index.php?rest_route=\/wp\/v2\/users\/1"}],"replies":[{"embeddable":true,"href":"https:\/\/handygital.com\/index.php?rest_route=%2Fwp%2Fv2%2Fcomments&post=827"}],"version-history":[{"count":0,"href":"https:\/\/handygital.com\/index.php?rest_route=\/wp\/v2\/pages\/827\/revisions"}],"up":[{"embeddable":true,"href":"https:\/\/handygital.com\/index.php?rest_route=\/wp\/v2\/pages\/749"}],"wp:attachment":[{"href":"https:\/\/handygital.com\/index.php?rest_route=%2Fwp%2Fv2%2Fmedia&parent=827"}],"curies":[{"name":"wp","href":"https:\/\/api.w.org\/{rel}","templated":true}]}}